{"id":97,"date":"2020-02-11T15:13:26","date_gmt":"2020-02-11T14:13:26","guid":{"rendered":"http:\/\/nftradingsrl.com\/?page_id=97"},"modified":"2025-07-10T10:41:58","modified_gmt":"2025-07-10T08:41:58","slug":"frese-standard","status":"publish","type":"page","link":"https:\/\/nftradingsrl.com\/?page_id=97","title":{"rendered":"Frese standard"},"content":{"rendered":"<p>[et_pb_section fb_built=&#8221;1&#8243; custom_padding_last_edited=&#8221;on|tablet&#8221; module_class=&#8221;mechanic_services_top&#8221; _builder_version=&#8221;4.16&#8243; background_enable_color=&#8221;off&#8221; vertical_offset_tablet=&#8221;0&#8243; horizontal_offset_tablet=&#8221;0&#8243; custom_padding=&#8221;11.9vh||4.8vh|&#8221; custom_padding_tablet=&#8221;50px||30px|&#8221; custom_padding_phone=&#8221;&#8221; z_index_tablet=&#8221;0&#8243; box_shadow_horizontal_tablet=&#8221;0px&#8221; box_shadow_vertical_tablet=&#8221;0px&#8221; box_shadow_blur_tablet=&#8221;40px&#8221; box_shadow_spread_tablet=&#8221;0px&#8221; global_colors_info=&#8221;{}&#8221;][et_pb_row custom_padding_last_edited=&#8221;on|tablet&#8221; _builder_version=&#8221;4.16&#8243; max_width=&#8221;1170px&#8221; custom_padding=&#8221;27px|0px|0px|0px&#8221; custom_padding_tablet=&#8221;10px|0px|0px|0px&#8221; custom_padding_phone=&#8221;&#8221; use_custom_width=&#8221;on&#8221; custom_width_px=&#8221;1170px&#8221; global_colors_info=&#8221;{}&#8221;][et_pb_column type=&#8221;4_4&#8243; _builder_version=&#8221;4.16&#8243; custom_padding=&#8221;|||&#8221; global_colors_info=&#8221;{}&#8221; custom_padding__hover=&#8221;|||&#8221;][et_pb_text _builder_version=&#8221;4.16&#8243; text_text_color=&#8221;#000000&#8243; header_text_color=&#8221;#000000&#8243; header_2_text_color=&#8221;#000000&#8243; header_2_font_size=&#8221;42px&#8221; header_3_text_color=&#8221;#000000&#8243; vertical_offset_tablet=&#8221;0&#8243; horizontal_offset_tablet=&#8221;0&#8243; z_index_tablet=&#8221;0&#8243; text_text_shadow_horizontal_length_tablet=&#8221;0px&#8221; text_text_shadow_vertical_length_tablet=&#8221;0px&#8221; text_text_shadow_blur_strength_tablet=&#8221;1px&#8221; link_text_shadow_horizontal_length_tablet=&#8221;0px&#8221; link_text_shadow_vertical_length_tablet=&#8221;0px&#8221; link_text_shadow_blur_strength_tablet=&#8221;1px&#8221; ul_text_shadow_horizontal_length_tablet=&#8221;0px&#8221; ul_text_shadow_vertical_length_tablet=&#8221;0px&#8221; ul_text_shadow_blur_strength_tablet=&#8221;1px&#8221; ol_text_shadow_horizontal_length_tablet=&#8221;0px&#8221; ol_text_shadow_vertical_length_tablet=&#8221;0px&#8221; ol_text_shadow_blur_strength_tablet=&#8221;1px&#8221; quote_text_shadow_horizontal_length_tablet=&#8221;0px&#8221; quote_text_shadow_vertical_length_tablet=&#8221;0px&#8221; quote_text_shadow_blur_strength_tablet=&#8221;1px&#8221; header_text_shadow_horizontal_length_tablet=&#8221;0px&#8221; header_text_shadow_vertical_length_tablet=&#8221;0px&#8221; header_text_shadow_blur_strength_tablet=&#8221;1px&#8221; header_2_text_shadow_horizontal_length_tablet=&#8221;0px&#8221; header_2_text_shadow_vertical_length_tablet=&#8221;0px&#8221; header_2_text_shadow_blur_strength_tablet=&#8221;1px&#8221; header_3_text_shadow_horizontal_length_tablet=&#8221;0px&#8221; header_3_text_shadow_vertical_length_tablet=&#8221;0px&#8221; header_3_text_shadow_blur_strength_tablet=&#8221;1px&#8221; header_4_text_shadow_horizontal_length_tablet=&#8221;0px&#8221; header_4_text_shadow_vertical_length_tablet=&#8221;0px&#8221; header_4_text_shadow_blur_strength_tablet=&#8221;1px&#8221; header_5_text_shadow_horizontal_length_tablet=&#8221;0px&#8221; header_5_text_shadow_vertical_length_tablet=&#8221;0px&#8221; header_5_text_shadow_blur_strength_tablet=&#8221;1px&#8221; header_6_text_shadow_horizontal_length_tablet=&#8221;0px&#8221; header_6_text_shadow_vertical_length_tablet=&#8221;0px&#8221; header_6_text_shadow_blur_strength_tablet=&#8221;1px&#8221; box_shadow_horizontal_tablet=&#8221;0px&#8221; box_shadow_vertical_tablet=&#8221;0px&#8221; box_shadow_blur_tablet=&#8221;40px&#8221; box_shadow_spread_tablet=&#8221;0px&#8221; global_colors_info=&#8221;{}&#8221;]<\/p>\n<h2 data-start=\"210\" data-end=\"255\"><strong data-start=\"213\" data-end=\"255\">Frese Standard per la Fresatura di PCB<\/strong><\/h2>\n<p data-start=\"257\" data-end=\"281\">\n<h3 data-start=\"283\" data-end=\"303\"><strong data-start=\"287\" data-end=\"303\">Catalogo MPK<\/strong><\/h3>\n<p data-start=\"305\" data-end=\"677\">La <strong data-start=\"308\" data-end=\"372\">lavorazione di circuiti stampati richiede utensili specifici<\/strong> che garantiscano precisione, durata e costanza qualitativa anche nelle produzioni pi\u00f9 impegnative. La scelta della fresa corretta in funzione del materiale e dei parametri di lavorazione \u00e8 fondamentale per ridurre i costi operativi, minimizzare le vibrazioni e garantire una qualit\u00e0 ripetibile nel tempo.<\/p>\n<p data-start=\"679\" data-end=\"990\">Per supportare i propri clienti nella selezione ottimale, <strong data-start=\"737\" data-end=\"890\">NF Trading S.r.l. mette a disposizione, su richiesta, il catalogo completo delle frese e una guida pratica alla risoluzione dei problemi di fresatura<\/strong>, contenente utili suggerimenti per risolvere le problematiche pi\u00f9 comuni nella lavorazione dei PCB.<\/p>\n<hr data-start=\"992\" data-end=\"995\" \/>\n<h3 data-start=\"997\" data-end=\"1028\"><strong data-start=\"1001\" data-end=\"1028\">Gamma Frese Disponibili<\/strong><\/h3>\n<p data-start=\"1030\" data-end=\"1310\">\u2705 <strong data-start=\"1032\" data-end=\"1048\">Frese DA30-R<\/strong><br data-start=\"1048\" data-end=\"1051\" \/>Frese diamantate con <strong data-start=\"1072\" data-end=\"1112\">gambo da 3,175 mm e tagliente destro<\/strong>, elica con inclinazione di <strong data-start=\"1140\" data-end=\"1147\">30\u00b0<\/strong>, disponibili in diametri da <strong data-start=\"1176\" data-end=\"1198\">0,60 mm a 3,175 mm<\/strong>. Ideali per <strong data-start=\"1211\" data-end=\"1246\">materiali PCB rigidi e abrasivi<\/strong>, garantendo una buona qualit\u00e0 di taglio e durata dell\u2019utensile.<\/p>\n<hr data-start=\"1312\" data-end=\"1315\" \/>\n<p data-start=\"1317\" data-end=\"1623\">\u2705 <strong data-start=\"1319\" data-end=\"1335\">Frese DA20-R<\/strong><br data-start=\"1335\" data-end=\"1338\" \/>Frese diamantate con <strong data-start=\"1359\" data-end=\"1399\">gambo da 3,175 mm e tagliente destro<\/strong>, elica a <strong data-start=\"1409\" data-end=\"1416\">20\u00b0<\/strong>, disponibili nei diametri <strong data-start=\"1443\" data-end=\"1477\">1,2 \/ 1,5 \/ 1,6 \/ 2,0 \/ 2,4 mm<\/strong>. Indicate per <strong data-start=\"1492\" data-end=\"1516\">materiali PCB rigidi<\/strong>, consentono velocit\u00e0 di avanzamento superiori rispetto alle DA30-R grazie all\u2019angolo elicoidale pi\u00f9 basso.<\/p>\n<hr data-start=\"1625\" data-end=\"1628\" \/>\n<p data-start=\"1630\" data-end=\"1893\">\u2705 <strong data-start=\"1632\" data-end=\"1648\">Frese CA20-R<\/strong><br data-start=\"1648\" data-end=\"1651\" \/>Frese spiralate con <strong data-start=\"1671\" data-end=\"1711\">gambo da 3,175 mm e tagliente destro<\/strong>, elica a <strong data-start=\"1721\" data-end=\"1728\">20\u00b0<\/strong>, disponibili in diametri da <strong data-start=\"1757\" data-end=\"1779\">0,60 mm a 3,175 mm<\/strong>. Indicate per la fresatura di <strong data-start=\"1810\" data-end=\"1843\">materiali PCB rigidi e teneri<\/strong>, combinano precisione e flessibilit\u00e0 applicativa.<\/p>\n<hr data-start=\"1895\" data-end=\"1898\" \/>\n<p data-start=\"1900\" data-end=\"2146\">\u2705 <strong data-start=\"1902\" data-end=\"1918\">Frese EA30-R<\/strong><br data-start=\"1918\" data-end=\"1921\" \/>Frese a <strong data-start=\"1929\" data-end=\"1946\">due taglienti<\/strong> con <strong data-start=\"1951\" data-end=\"1998\">gambo da 3,175 mm e testa a coda di rondine<\/strong>, disponibili in diametri da <strong data-start=\"2027\" data-end=\"2049\">0,30 mm a 3,175 mm<\/strong>, ideali per <strong data-start=\"2062\" data-end=\"2102\">la fresatura di materiali PCB teneri<\/strong>, garantendo stabilit\u00e0 e pulizia del taglio.<\/p>\n<hr data-start=\"2148\" data-end=\"2151\" \/>\n<p data-start=\"2153\" data-end=\"2433\">\u2705 <strong data-start=\"2155\" data-end=\"2172\">Frese ECA30-R<\/strong><br data-start=\"2172\" data-end=\"2175\" \/>Frese a <strong data-start=\"2183\" data-end=\"2200\">due taglienti<\/strong> con <strong data-start=\"2205\" data-end=\"2243\">gambo da 3,175 mm e testa a forare<\/strong>, disponibili in diametri da <strong data-start=\"2272\" data-end=\"2292\">0,80 mm a 3,0 mm<\/strong>. Particolarmente indicate per <strong data-start=\"2323\" data-end=\"2352\">la fresatura di alluminio<\/strong>, assicurano evacuazione efficace del truciolo e un\u2019elevata qualit\u00e0 superficiale.<\/p>\n<hr data-start=\"2435\" data-end=\"2438\" \/>\n<p data-start=\"2440\" data-end=\"2714\">\u2705 <strong data-start=\"2442\" data-end=\"2459\">Frese EAC30-R<\/strong><br data-start=\"2459\" data-end=\"2462\" \/>Versione <strong data-start=\"2471\" data-end=\"2485\">diamantata<\/strong> delle frese ECA30-R, con <strong data-start=\"2511\" data-end=\"2549\">gambo da 3,175 mm e testa a forare<\/strong>, disponibili in diametri da <strong data-start=\"2578\" data-end=\"2598\">0,80 mm a 3,0 mm<\/strong>. Offrono maggiore durata e prestazioni costanti nella <strong data-start=\"2653\" data-end=\"2679\">fresatura di alluminio<\/strong>, anche in produzioni continuative.<\/p>\n<hr data-start=\"2716\" data-end=\"2719\" \/>\n<p data-start=\"2721\" data-end=\"2987\">\u2705 <strong data-start=\"2723\" data-end=\"2739\">Frese SC30-R<\/strong><br data-start=\"2739\" data-end=\"2742\" \/>Frese a <strong data-start=\"2750\" data-end=\"2768\">mono tagliente<\/strong> con <strong data-start=\"2773\" data-end=\"2811\">gambo da 3,175 mm e testa a forare<\/strong>, disponibili in diametri da <strong data-start=\"2840\" data-end=\"2860\">0,80 mm a 3,0 mm<\/strong>, indicate per la <strong data-start=\"2878\" data-end=\"2937\">fresatura di PCB rigidi\/flessibili e materiali plastici<\/strong>, offrendo ottimi risultati su materiali delicati.<\/p>\n<hr data-start=\"2989\" data-end=\"2992\" \/>\n<p data-start=\"2994\" data-end=\"3287\">Grazie a questa gamma completa, NF Trading S.r.l. supporta i propri clienti nel miglioramento delle lavorazioni di fresatura dei circuiti stampati, garantendo una selezione precisa dell\u2019utensile in funzione delle esigenze produttive, per ridurre i costi e aumentare l\u2019efficienza operativa.<\/p>\n<p data-start=\"3289\" data-end=\"3539\">Per ricevere il catalogo completo e la guida alla risoluzione dei problemi di fresatura, contattaci: il nostro team tecnico \u00e8 a disposizione per supportarti nella scelta dell\u2019utensile pi\u00f9 adatto e nell\u2019ottimizzazione dei parametri di lavorazione.<\/p>\n<div id=\"imGroup_1\" class=\"imVGroup\">\n<div id=\"imGroup_2\" class=\"imHGroup\">\n<div id=\"imCell_1\">\n<div id=\"imCellStyle_1\" data-responsive-sequence-number=\"1\">\n<div id=\"imTextObject_1\">\n<div id=\"imTextObject_1_tab0\" class=\"text-tab-content\">\n<div class=\"text-inner\">\n<div>\n<p>&nbsp;<\/p>\n<\/div>\n<\/div>\n<\/div>\n<\/div>\n<\/div>\n<\/div>\n<\/div>\n<\/div>\n<p>[\/et_pb_text][\/et_pb_column][\/et_pb_row][et_pb_row column_structure=&#8221;1_4,1_4,1_4,1_4&#8243; _builder_version=&#8221;4.16&#8243; global_colors_info=&#8221;{}&#8221;][et_pb_column type=&#8221;1_4&#8243; _builder_version=&#8221;4.16&#8243; global_colors_info=&#8221;{}&#8221;][et_pb_image src=&#8221;http:\/\/nftradingsrl.com\/wp-content\/uploads\/2020\/02\/SC30.jpg&#8221; _builder_version=&#8221;4.16&#8243; global_colors_info=&#8221;{}&#8221;]<br \/>\n[\/et_pb_image][\/et_pb_column][et_pb_column type=&#8221;1_4&#8243; _builder_version=&#8221;4.16&#8243; global_colors_info=&#8221;{}&#8221;][et_pb_image src=&#8221;http:\/\/nftradingsrl.com\/wp-content\/uploads\/2020\/02\/EA30.jpg&#8221; _builder_version=&#8221;4.16&#8243; global_colors_info=&#8221;{}&#8221;]<br \/>\n[\/et_pb_image][\/et_pb_column][et_pb_column type=&#8221;1_4&#8243; _builder_version=&#8221;4.16&#8243; global_colors_info=&#8221;{}&#8221;][\/et_pb_column][et_pb_column type=&#8221;1_4&#8243; _builder_version=&#8221;4.16&#8243; global_colors_info=&#8221;{}&#8221;][\/et_pb_column][\/et_pb_row][\/et_pb_section]<\/p>\n","protected":false},"excerpt":{"rendered":"<p>Frese Standard per la Fresatura di PCB Catalogo MPK La lavorazione di circuiti stampati richiede utensili specifici che garantiscano precisione, durata e costanza qualitativa anche nelle produzioni pi\u00f9 impegnative. La scelta della fresa corretta in funzione del materiale e dei parametri di lavorazione \u00e8 fondamentale per ridurre i costi operativi, minimizzare le vibrazioni e garantire [&hellip;]<\/p>\n","protected":false},"author":1,"featured_media":0,"parent":0,"menu_order":0,"comment_status":"closed","ping_status":"closed","template":"","meta":{"_et_pb_use_builder":"on","_et_pb_old_content":"","_et_gb_content_width":"","footnotes":""},"class_list":["post-97","page","type-page","status-publish","hentry"],"_links":{"self":[{"href":"https:\/\/nftradingsrl.com\/index.php?rest_route=\/wp\/v2\/pages\/97","targetHints":{"allow":["GET"]}}],"collection":[{"href":"https:\/\/nftradingsrl.com\/index.php?rest_route=\/wp\/v2\/pages"}],"about":[{"href":"https:\/\/nftradingsrl.com\/index.php?rest_route=\/wp\/v2\/types\/page"}],"author":[{"embeddable":true,"href":"https:\/\/nftradingsrl.com\/index.php?rest_route=\/wp\/v2\/users\/1"}],"replies":[{"embeddable":true,"href":"https:\/\/nftradingsrl.com\/index.php?rest_route=%2Fwp%2Fv2%2Fcomments&post=97"}],"version-history":[{"count":14,"href":"https:\/\/nftradingsrl.com\/index.php?rest_route=\/wp\/v2\/pages\/97\/revisions"}],"predecessor-version":[{"id":1337,"href":"https:\/\/nftradingsrl.com\/index.php?rest_route=\/wp\/v2\/pages\/97\/revisions\/1337"}],"wp:attachment":[{"href":"https:\/\/nftradingsrl.com\/index.php?rest_route=%2Fwp%2Fv2%2Fmedia&parent=97"}],"curies":[{"name":"wp","href":"https:\/\/api.w.org\/{rel}","templated":true}]}}