{"id":194,"date":"2020-02-13T11:19:05","date_gmt":"2020-02-13T10:19:05","guid":{"rendered":"http:\/\/nftradingsrl.com\/?page_id=194"},"modified":"2025-07-15T10:22:17","modified_gmt":"2025-07-15T08:22:17","slug":"riparazione-azionamenti","status":"publish","type":"page","link":"https:\/\/nftradingsrl.com\/?page_id=194","title":{"rendered":"Riparazione azionamenti"},"content":{"rendered":"<p>[et_pb_section fb_built=&#8221;1&#8243; _builder_version=&#8221;4.16&#8243; global_colors_info=&#8221;{}&#8221;][et_pb_row _builder_version=&#8221;4.16&#8243; background_size=&#8221;initial&#8221; background_position=&#8221;top_left&#8221; background_repeat=&#8221;repeat&#8221; global_colors_info=&#8221;{}&#8221;][et_pb_column type=&#8221;4_4&#8243; _builder_version=&#8221;4.16&#8243; custom_padding=&#8221;|||&#8221; global_colors_info=&#8221;{}&#8221; custom_padding__hover=&#8221;|||&#8221;][et_pb_text _builder_version=&#8221;4.16&#8243; text_text_color=&#8221;#000000&#8243; header_2_text_color=&#8221;#ffffff&#8221; header_2_font_size=&#8221;39px&#8221; vertical_offset_tablet=&#8221;0&#8243; horizontal_offset_tablet=&#8221;0&#8243; z_index_tablet=&#8221;0&#8243; text_text_shadow_horizontal_length_tablet=&#8221;0px&#8221; text_text_shadow_vertical_length_tablet=&#8221;0px&#8221; text_text_shadow_blur_strength_tablet=&#8221;1px&#8221; link_text_shadow_horizontal_length_tablet=&#8221;0px&#8221; link_text_shadow_vertical_length_tablet=&#8221;0px&#8221; link_text_shadow_blur_strength_tablet=&#8221;1px&#8221; ul_text_shadow_horizontal_length_tablet=&#8221;0px&#8221; ul_text_shadow_vertical_length_tablet=&#8221;0px&#8221; ul_text_shadow_blur_strength_tablet=&#8221;1px&#8221; ol_text_shadow_horizontal_length_tablet=&#8221;0px&#8221; ol_text_shadow_vertical_length_tablet=&#8221;0px&#8221; ol_text_shadow_blur_strength_tablet=&#8221;1px&#8221; quote_text_shadow_horizontal_length_tablet=&#8221;0px&#8221; quote_text_shadow_vertical_length_tablet=&#8221;0px&#8221; quote_text_shadow_blur_strength_tablet=&#8221;1px&#8221; header_text_shadow_horizontal_length_tablet=&#8221;0px&#8221; header_text_shadow_vertical_length_tablet=&#8221;0px&#8221; header_text_shadow_blur_strength_tablet=&#8221;1px&#8221; header_2_text_shadow_horizontal_length_tablet=&#8221;0px&#8221; header_2_text_shadow_vertical_length_tablet=&#8221;0px&#8221; header_2_text_shadow_blur_strength_tablet=&#8221;1px&#8221; header_3_text_shadow_horizontal_length_tablet=&#8221;0px&#8221; header_3_text_shadow_vertical_length_tablet=&#8221;0px&#8221; header_3_text_shadow_blur_strength_tablet=&#8221;1px&#8221; header_4_text_shadow_horizontal_length_tablet=&#8221;0px&#8221; header_4_text_shadow_vertical_length_tablet=&#8221;0px&#8221; header_4_text_shadow_blur_strength_tablet=&#8221;1px&#8221; header_5_text_shadow_horizontal_length_tablet=&#8221;0px&#8221; header_5_text_shadow_vertical_length_tablet=&#8221;0px&#8221; header_5_text_shadow_blur_strength_tablet=&#8221;1px&#8221; header_6_text_shadow_horizontal_length_tablet=&#8221;0px&#8221; header_6_text_shadow_vertical_length_tablet=&#8221;0px&#8221; header_6_text_shadow_blur_strength_tablet=&#8221;1px&#8221; box_shadow_horizontal_tablet=&#8221;0px&#8221; box_shadow_vertical_tablet=&#8221;0px&#8221; box_shadow_blur_tablet=&#8221;40px&#8221; box_shadow_spread_tablet=&#8221;0px&#8221; global_colors_info=&#8221;{}&#8221;]<\/p>\n<div id=\"imGroup_1\" class=\"imHGroup\">\n<h2 data-start=\"224\" data-end=\"279\"><span style=\"color: #000000;\"><strong data-start=\"227\" data-end=\"279\">Servizio di Riparazione Azionamenti Sieb &amp; Meyer<\/strong><\/span><\/h2>\n<h3 data-start=\"281\" data-end=\"345\">\u2705 Servizi Professionali in Collaborazione con il Costruttore<\/h3>\n<p data-start=\"347\" data-end=\"586\">NF Trading S.r.l. offre un servizio specializzato di <strong data-start=\"400\" data-end=\"446\">riparazione degli azionamenti Sieb &amp; Meyer<\/strong>, realizzato in stretta <strong data-start=\"470\" data-end=\"517\">collaborazione con il costruttore originale<\/strong> per garantire la massima qualit\u00e0, affidabilit\u00e0 e conformit\u00e0 tecnica.<\/p>\n<p data-start=\"588\" data-end=\"886\">Al momento del ricevimento dell\u2019azionamento guasto, viene effettuata una <strong data-start=\"661\" data-end=\"696\">valutazione tecnica preliminare<\/strong> e formulata un\u2019offerta dettagliata con l\u2019indicazione dei costi e degli interventi necessari. L\u2019avvio della riparazione \u00e8 subordinato alla conferma scritta dell\u2019offerta da parte del Cliente.<\/p>\n<p data-start=\"888\" data-end=\"1038\">Questo approccio permette al Cliente di mantenere pieno controllo sui costi e tempi, assicurando trasparenza e flessibilit\u00e0 in ogni fase del processo.<\/p>\n<hr data-start=\"1040\" data-end=\"1043\" \/>\n<h3 data-start=\"1045\" data-end=\"1086\">\ud83d\udccb Condizioni Generali di Riparazione<\/h3>\n<p data-start=\"1088\" data-end=\"1484\"><strong data-start=\"1088\" data-end=\"1129\">Garanzia sul servizio di riparazione:<\/strong><br data-start=\"1129\" data-end=\"1132\" \/>L\u2019azionamento riparato \u00e8 coperto da una <strong data-start=\"1172\" data-end=\"1233\">garanzia di 12 mesi o 1000 ore di funzionamento effettivo<\/strong>, a seconda di quale evento si verifichi per primo.<br data-start=\"1284\" data-end=\"1287\" \/>Durante tale periodo, <strong data-start=\"1309\" data-end=\"1458\">NF Trading si impegna a riparare gratuitamente eventuali difetti riconducibili alle componenti sostituite o ad errori nel processo di riparazione<\/strong>, previa verifica tecnica.<\/p>\n<p data-start=\"1486\" data-end=\"1528\"><strong data-start=\"1486\" data-end=\"1528\">Condizioni di validit\u00e0 della garanzia:<\/strong><\/p>\n<ul data-start=\"1529\" data-end=\"2093\">\n<li data-start=\"1529\" data-end=\"1595\">\n<p data-start=\"1531\" data-end=\"1595\">L\u2019installazione deve essere eseguita da personale qualificato.<\/p>\n<\/li>\n<li data-start=\"1596\" data-end=\"1759\">\n<p data-start=\"1598\" data-end=\"1759\">Sono esclusi dalla garanzia i danni causati da <strong data-start=\"1645\" data-end=\"1756\">usura naturale, uso improprio, sovraccarichi, modifiche non autorizzate o condizioni ambientali sfavorevoli<\/strong>.<\/p>\n<\/li>\n<li data-start=\"1760\" data-end=\"1904\">\n<p data-start=\"1762\" data-end=\"1904\">Il Cliente \u00e8 tenuto a conservare l\u2019azionamento in modo adeguato e a <strong data-start=\"1830\" data-end=\"1887\">permettere l\u2019ispezione tecnica da parte di NF Trading<\/strong>, se richiesta.<\/p>\n<\/li>\n<li data-start=\"1905\" data-end=\"2010\">\n<p data-start=\"1907\" data-end=\"2010\"><strong data-start=\"1907\" data-end=\"2008\">Eventuali reclami per difetti evidenti devono essere presentati entro 2 settimane dalla consegna.<\/strong><\/p>\n<\/li>\n<li data-start=\"2011\" data-end=\"2093\">\n<p data-start=\"2013\" data-end=\"2093\">Restano invariati gli obblighi di segnalazione previsti dalla normativa vigente.<\/p>\n<\/li>\n<\/ul>\n<hr data-start=\"2095\" data-end=\"2098\" \/>\n<h3 data-start=\"2100\" data-end=\"2118\">\ud83d\udccc Note Legali<\/h3>\n<p data-start=\"2120\" data-end=\"2467\">In caso di <strong data-start=\"2131\" data-end=\"2175\">difetti minori o di entit\u00e0 non rilevante<\/strong>, non \u00e8 possibile invocare la risoluzione del contratto.<br data-start=\"2231\" data-end=\"2234\" \/>La garanzia non copre eventuali richieste di risarcimento successive alla risoluzione da parte del Cliente.<br data-start=\"2341\" data-end=\"2344\" \/>Salvo diversa pattuizione espressa nei singoli contratti, <strong data-start=\"2402\" data-end=\"2466\">non vengono fornite ulteriori garanzie implicite o esplicite<\/strong>.<\/p>\n<hr data-start=\"2469\" data-end=\"2472\" \/>\n<h3 data-start=\"2474\" data-end=\"2498\">\ud83e\udd1d Il nostro impegno<\/h3>\n<p data-start=\"2500\" data-end=\"2786\">Grazie all\u2019esperienza del nostro team e alla collaborazione diretta con Sieb &amp; Meyer, <strong data-start=\"2586\" data-end=\"2632\">offriamo un servizio altamente qualificato<\/strong>, orientato alla massima continuit\u00e0 operativa per i nostri clienti.<br data-start=\"2699\" data-end=\"2702\" \/>Contattaci per ricevere assistenza tecnica, tempistiche e condizioni personalizzate.<\/p>\n<div id=\"imCell_1\">\n<div id=\"imCellStyle_1\" data-responsive-sequence-number=\"1\">\n<div id=\"imTextObject_1\">\n<div id=\"imTextObject_1_tab0\" class=\"text-tab-content\">\n<div class=\"text-inner\">\n<div>\n<p>&nbsp;<\/p>\n<\/div>\n<\/div>\n<\/div>\n<\/div>\n<\/div>\n<\/div>\n<\/div>\n<p>[\/et_pb_text][\/et_pb_column][\/et_pb_row][\/et_pb_section]<\/p>\n","protected":false},"excerpt":{"rendered":"<p>Servizio di Riparazione Azionamenti Sieb &amp; Meyer \u2705 Servizi Professionali in Collaborazione con il Costruttore NF Trading S.r.l. offre un servizio specializzato di riparazione degli azionamenti Sieb &amp; Meyer, realizzato in stretta collaborazione con il costruttore originale per garantire la massima qualit\u00e0, affidabilit\u00e0 e conformit\u00e0 tecnica. Al momento del ricevimento dell\u2019azionamento guasto, viene effettuata una [&hellip;]<\/p>\n","protected":false},"author":1,"featured_media":0,"parent":0,"menu_order":0,"comment_status":"closed","ping_status":"closed","template":"","meta":{"_et_pb_use_builder":"on","_et_pb_old_content":"","_et_gb_content_width":"","footnotes":""},"class_list":["post-194","page","type-page","status-publish","hentry"],"_links":{"self":[{"href":"https:\/\/nftradingsrl.com\/index.php?rest_route=\/wp\/v2\/pages\/194","targetHints":{"allow":["GET"]}}],"collection":[{"href":"https:\/\/nftradingsrl.com\/index.php?rest_route=\/wp\/v2\/pages"}],"about":[{"href":"https:\/\/nftradingsrl.com\/index.php?rest_route=\/wp\/v2\/types\/page"}],"author":[{"embeddable":true,"href":"https:\/\/nftradingsrl.com\/index.php?rest_route=\/wp\/v2\/users\/1"}],"replies":[{"embeddable":true,"href":"https:\/\/nftradingsrl.com\/index.php?rest_route=%2Fwp%2Fv2%2Fcomments&post=194"}],"version-history":[{"count":6,"href":"https:\/\/nftradingsrl.com\/index.php?rest_route=\/wp\/v2\/pages\/194\/revisions"}],"predecessor-version":[{"id":1382,"href":"https:\/\/nftradingsrl.com\/index.php?rest_route=\/wp\/v2\/pages\/194\/revisions\/1382"}],"wp:attachment":[{"href":"https:\/\/nftradingsrl.com\/index.php?rest_route=%2Fwp%2Fv2%2Fmedia&parent=194"}],"curies":[{"name":"wp","href":"https:\/\/api.w.org\/{rel}","templated":true}]}}